{"id":229,"date":"2017-02-08T04:25:02","date_gmt":"2017-02-08T04:25:02","guid":{"rendered":"https:\/\/demo.themegrill.com\/flash\/?page_id=229"},"modified":"2020-11-16T14:54:43","modified_gmt":"2020-11-16T13:54:43","slug":"proxecto-2019-2020","status":"publish","type":"page","link":"https:\/\/pie.cec.es\/index.php\/proxecto-2019-2020\/","title":{"rendered":"Proxecto 2019-2020"},"content":{"rendered":"<div id=\"pl-229\"  class=\"panel-layout\" ><div id=\"pg-229-0\"  class=\"panel-grid panel-has-style\" ><div class=\"panel-row-style panel-row-style-for-229-0\" ><div id=\"pgc-229-0-0\"  class=\"panel-grid-cell\" ><div id=\"panel-229-0-0-0\" class=\"so-panel widget widget_themegrill_flash_heading tg-widget section-title-wrapper panel-first-child\" data-index=\"0\" >\t<h3 class=\"section-title\">Programa Integrado de Emprego da CEC 2019-2020<\/h3>\n<\/div><div id=\"panel-229-0-0-1\" class=\"so-panel widget widget_text panel-last-child\" data-index=\"1\" >\t\t\t<div class=\"textwidget\"><p>O <strong>Programa Integrado de Emprego da CEC 2019-2020<\/strong>, \u00e9 un proxecto intregrado de emprego con intermediaci\u00f3n laboral, <strong>gratuito<\/strong>, da Confederaci\u00f3n de Empresarios de La Coru\u00f1a, financiado pola Conseller\u00eda de Econom\u00eda, Emprego e Industria, cuxo obxectivo \u00e9 <strong>mellorar a empregabilidade e a inserci\u00f3n laboral<\/strong> de 100 persoas traballadoras desempregadas da Coru\u00f1a, pertencentes aos colectivos identificados como prioritarios.<\/p>\n<p>Todas as persoas que participen no programa ter\u00e1n dereito a percibir unha bolsa consistente de <strong>5\u20ac\/d\u00eda por asistencia<\/strong>.<\/p>\n<\/div>\n\t\t<\/div><\/div><\/div><\/div><div id=\"pg-229-1\"  class=\"panel-grid panel-has-style\" ><div class=\"panel-row-style panel-row-style-for-229-1\" ><div id=\"pgc-229-1-0\"  class=\"panel-grid-cell\" ><div id=\"panel-229-1-0-0\" class=\"so-panel widget widget_themegrill_flash_heading tg-widget section-title-wrapper panel-first-child panel-last-child\" data-index=\"2\" >\t<h3 class=\"section-title\">OBXECTIVOS XERAIS<\/h3>\n<\/div><\/div><\/div><\/div><div id=\"pg-229-2\"  class=\"panel-grid panel-has-style\" ><div class=\"siteorigin-panels-stretch panel-row-style panel-row-style-for-229-2\" data-stretch-type=\"full\" ><div id=\"pgc-229-2-0\"  class=\"panel-grid-cell\" ><div id=\"panel-229-2-0-0\" class=\"so-panel widget widget_themegrill_flash_service tg-widget tg-single-service panel-first-child panel-last-child\" data-index=\"3\" >\n<div class=\"tg-service-widget tg-service-layout-2\">\n\t<div class=\"service-wrapper\">\n\t\t<div class=\"service-icon-title-wrapper clearfix\">\n\t\t\t\t\t\t\t\t\t<figure class=\"service-image-wrap\"><img decoding=\"async\" src=\"\/wp-content\/uploads\/2018\/09\/O1.jpg\" \/><\/figure>\n\t\t\t\t\t\t\t\t\t<h3 class=\"service-title-wrap\">\n\t\t\t\tPrimeiro Obxectivo\t\t\t\t\t\t\t<\/h3>\n\t\t\t\t\t<\/div>\n\t\t\t\t<div class=\"service-content-wrap\">Facilitar o acceso ao mercado laboral das persoas participantes no Plan<\/div>\n\t\t\t\t\t<\/div>\n<\/div>\n<\/div><\/div><div id=\"pgc-229-2-1\"  class=\"panel-grid-cell\" ><div id=\"panel-229-2-1-0\" class=\"so-panel widget widget_themegrill_flash_service tg-widget tg-single-service panel-first-child panel-last-child\" data-index=\"4\" >\n<div class=\"tg-service-widget tg-service-layout-2\">\n\t<div class=\"service-wrapper\">\n\t\t<div class=\"service-icon-title-wrapper clearfix\">\n\t\t\t\t\t\t\t\t\t<figure class=\"service-image-wrap\"><img decoding=\"async\" src=\"\/wp-content\/uploads\/2018\/09\/O2.jpg\" \/><\/figure>\n\t\t\t\t\t\t\t\t\t<h3 class=\"service-title-wrap\">\n\t\t\t\tSegundo Obxectivo\t\t\t\t\t\t\t<\/h3>\n\t\t\t\t\t<\/div>\n\t\t\t\t<div class=\"service-content-wrap\">Aumentar a s\u00faa formaci\u00f3n e habilidades para a inserci\u00f3n laboral, mellorando os seus co\u00f1ecementos, actitudes e aptitudes para a empregabilidade.<\/div>\n\t\t\t\t\t<\/div>\n<\/div>\n<\/div><\/div><div id=\"pgc-229-2-2\"  class=\"panel-grid-cell\" ><div id=\"panel-229-2-2-0\" class=\"so-panel widget widget_themegrill_flash_service tg-widget tg-single-service panel-first-child panel-last-child\" data-index=\"5\" >\n<div class=\"tg-service-widget tg-service-layout-2\">\n\t<div class=\"service-wrapper\">\n\t\t<div class=\"service-icon-title-wrapper clearfix\">\n\t\t\t\t\t\t\t\t\t<figure class=\"service-image-wrap\"><img decoding=\"async\" src=\"\/wp-content\/uploads\/2018\/09\/O3.jpg\" \/><\/figure>\n\t\t\t\t\t\t\t\t\t<h3 class=\"service-title-wrap\">\n\t\t\t\tTercer Obxectivo\t\t\t\t\t\t\t<\/h3>\n\t\t\t\t\t<\/div>\n\t\t\t\t<div class=\"service-content-wrap\">Levar a cabo procesos de intermediaci\u00f3n laboral entre empresas e os participantes<\/div>\n\t\t\t\t\t<\/div>\n<\/div>\n<\/div><\/div><\/div><\/div><div id=\"pg-229-3\"  class=\"panel-grid panel-has-style\" ><div class=\"panel-row-style panel-row-style-for-229-3\" ><div id=\"pgc-229-3-0\"  class=\"panel-grid-cell\" ><div id=\"panel-229-3-0-0\" class=\"so-panel widget widget_themegrill_flash_heading tg-widget section-title-wrapper panel-first-child\" data-index=\"6\" >\t<h3 class=\"section-title\">COLECTIVOS BENEFICIARIOS<\/h3>\n\t<div class=\"section-description\">Persoas da Coru\u00f1a en situaci\u00f3n de desemprego.<\/div>\n<\/div><div id=\"panel-229-3-0-1\" class=\"so-panel widget widget_text panel-last-child\" data-index=\"7\" >\t\t\t<div class=\"textwidget\"><table style=\"height: 650px;\" width=\"873\">\n<tbody>\n<tr>\n<td width=\"499\">Persoas desempregadas con discapacidade<\/td>\n<td width=\"35\">5<\/td>\n<\/tr>\n<tr>\n<td width=\"499\">Persoas desempregadas en risco de exclusi\u00f3n social (incluidas as perceptoras de Risga)<\/td>\n<td width=\"35\">5<\/td>\n<\/tr>\n<tr>\n<td width=\"499\">Persoas desempregadas mulleres coa condici\u00f3n de v\u00edtimas de violencia de x\u00e9nero<\/td>\n<td width=\"35\">5<\/td>\n<\/tr>\n<tr>\n<td width=\"499\">Persoas desempregadas menores de 30 anos con baixa cualificaci\u00f3n<\/td>\n<td width=\"35\">35<\/td>\n<\/tr>\n<tr>\n<td width=\"499\">Persoas desempregadas menores de 30 anos cualificadas<\/td>\n<td width=\"35\">35<\/td>\n<\/tr>\n<tr>\n<td width=\"499\">Persoas desempregadas maiores de 45 anos<\/td>\n<td width=\"35\">5<\/td>\n<\/tr>\n<tr>\n<td width=\"499\">Persoas desempregadas perceptoras de prestaci\u00f3ns, subsidios por desemprego ou renda activa de inserci\u00f3n<\/td>\n<td width=\"35\">5<\/td>\n<\/tr>\n<tr>\n<td width=\"499\">Mulleres<\/td>\n<td width=\"35\">5<\/td>\n<\/tr>\n<tr>\n<td width=\"499\">Total<\/td>\n<td width=\"35\">100<\/td>\n<\/tr>\n<\/tbody>\n<\/table>\n<\/div>\n\t\t<\/div><\/div><\/div><\/div><div id=\"pg-229-4\"  class=\"panel-grid panel-has-style\" ><div class=\"panel-row-style panel-row-style-for-229-4\" ><div id=\"pgc-229-4-0\"  class=\"panel-grid-cell\" ><div id=\"panel-229-4-0-0\" class=\"so-panel widget widget_themegrill_flash_heading tg-widget section-title-wrapper panel-first-child panel-last-child\" data-index=\"8\" >\t<h3 class=\"section-title\">ASPECTOS INNOVADORES<\/h3>\n<\/div><\/div><\/div><\/div><div id=\"pg-229-5\"  class=\"panel-grid panel-no-style\" ><div id=\"pgc-229-5-0\"  class=\"panel-grid-cell panel-grid-cell-empty\" ><\/div><div id=\"pgc-229-5-1\"  class=\"panel-grid-cell panel-grid-cell-mobile-last\" ><div id=\"panel-229-5-1-0\" class=\"so-panel widget widget_text panel-first-child panel-last-child\" data-index=\"9\" >\t\t\t<div class=\"textwidget\"><ul>\n<li>Metodolox\u00eda adaptada \u00e1s necesidades dos usuarios<\/li>\n<li>Uso de novas tecnolox\u00edas para favorecer a comunicaci\u00f3n cos usuarios e o acceso aos contidos do programa<\/li>\n<li>Uso de redes sociais para conseguir unha mellor comunicaci\u00f3n<\/li>\n<li>Canles de\u00a0 comunicaci\u00f3n cos orientadores\/as do Programa, para interactuar entre eles en todo momento, para facilitar a resoluci\u00f3n de d\u00fabidas ou calquera cuesti\u00f3n que se lle poda presentar o usuario\/a ante unha entrevista de traballo e que requira dunha resposta r\u00e1pida e o m\u00e1is inmediata posible.<\/li>\n<\/ul>\n<\/div>\n\t\t<\/div><\/div><div id=\"pgc-229-5-2\"  class=\"panel-grid-cell panel-grid-cell-empty\" ><\/div><\/div><div id=\"pg-229-6\"  class=\"panel-grid panel-has-style\" ><div class=\"panel-row-style panel-row-style-for-229-6\" ><div id=\"pgc-229-6-0\"  class=\"panel-grid-cell\" ><div id=\"panel-229-6-0-0\" class=\"so-panel widget widget_themegrill_flash_heading tg-widget section-title-wrapper panel-first-child panel-last-child\" data-index=\"10\" >\t<h3 class=\"section-title\">MEDIDAS DE CONCILIACI\u00d3N<\/h3>\n<\/div><\/div><\/div><\/div><div id=\"pg-229-7\"  class=\"panel-grid panel-no-style\" ><div id=\"pgc-229-7-0\"  class=\"panel-grid-cell panel-grid-cell-empty\" ><\/div><div id=\"pgc-229-7-1\"  class=\"panel-grid-cell panel-grid-cell-mobile-last\" ><div id=\"panel-229-7-1-0\" class=\"so-panel widget widget_text panel-first-child panel-last-child\" data-index=\"11\" >\t\t\t<div class=\"textwidget\"><ul>\n<li><strong>Aposta polo uso de novas tecnolox\u00edas<\/strong> para reducir a presencialidade e facilitar o seguimento das acci\u00f3ns.<\/li>\n<li><strong>Adaptaci\u00f3n horarios<\/strong>, principalmente nas acci\u00f3ns individuais, \u00e1s necesidades das persoas usuarias.<\/li>\n<li>Amplas <strong>posibilidades de interacci\u00f3n e participaci\u00f3n<\/strong>, favorecendo a iteraci\u00f3n flexibilidade, adaptaci\u00f3n a cada usuario.<\/li>\n<li><strong>Adecuaci\u00f3n<\/strong> de horarios das actividades programadas a <strong>horario escolar<\/strong><\/li>\n<li><strong>Sensibilizaci\u00f3n transversal<\/strong> en cada unha das actividades do proxecto<\/li>\n<li><strong>Persoalizaci\u00f3n e adaptaci\u00f3n das actividades<\/strong> do programa \u00e1s necesidades dos usuarios<\/li>\n<li>Servizo de garder\u00eda e asistencia a dependentes: <strong>convenio con centros especializados de atenci\u00f3n<\/strong><\/li>\n<\/ul>\n<\/div>\n\t\t<\/div><\/div><div id=\"pgc-229-7-2\"  class=\"panel-grid-cell panel-grid-cell-empty\" ><\/div><\/div><div id=\"pg-229-8\"  class=\"panel-grid panel-has-style\" ><div class=\"panel-row-style panel-row-style-for-229-8\" ><div id=\"pgc-229-8-0\"  class=\"panel-grid-cell\" ><div id=\"panel-229-8-0-0\" class=\"so-panel widget widget_themegrill_flash_heading tg-widget section-title-wrapper panel-first-child\" data-index=\"12\" >\t<h3 class=\"section-title\">CONTIDOS DA ACCI\u00d3N FORMATIVA<\/h3>\n\t<div class=\"section-description\">Os beneficiarios\/as do proxecto gozar\u00e1n da formaci\u00f3n a partir de febreiro de 2020, divididas en:<\/div>\n<\/div><div id=\"panel-229-8-0-1\" class=\"so-panel widget widget_text panel-last-child\" data-index=\"13\" >\t\t\t<div class=\"textwidget\"><table style=\"height: 988px;\" width=\"689\">\n<tbody>\n<tr>\n<td colspan=\"2\" width=\"576\">PROPOSTA FORMATIVA<\/td>\n<\/tr>\n<tr>\n<td width=\"121\">Formaci\u00f3n Transversal:<\/td>\n<td width=\"456\">Ofim\u00e1tica<br \/>\nCiberseguridade<br \/>\nAlem\u00e1n no entorno profesional: Nivel b\u00e1sico<br \/>\nIngl\u00e9s no entorno profesional: Nivel intermedio<\/td>\n<\/tr>\n<tr>\n<td width=\"121\">Formaci\u00f3n para o emprego:<\/td>\n<td width=\"456\">Curso 1: Carretilleiro<br \/>\nCurso 2: Monitor\/a de tempo libre<br \/>\nCurso 3: Operaci\u00f3ns b\u00e1sicas de restaurante e bar<br \/>\nCurso 4: Atenci\u00f3n sociosanitaria<br \/>\nCurso 5: manipulador\/a de alimentos<br \/>\nCurso 6: Igualdade<br \/>\nCurso 7: Prevenci\u00f3n de riscos Laborais<br \/>\nCurso 8: Fundamentos de rob\u00f3tica<br \/>\nCurso 9: Arteterapia ou creatividade e pensamento lateral<br \/>\nCurso 10: Diet\u00e9tica e nutrici\u00f3n<br \/>\nCurso 11: Gu\u00eda tur\u00edstico<\/p>\n<p>Formaci\u00f3n acreditable:<br \/>\nSSCE0110: Docencia da formaci\u00f3n profesional para o emprego<br \/>\nMF0240_2: Operaci\u00f3ns auxiliares a venda<br \/>\nMF0239_2: Operaci\u00f3ns de venda<\/td>\n<\/tr>\n<tr>\n<td width=\"121\">Obradoiros:<\/td>\n<td width=\"456\">Coaching: Intelixencia emocional. T\u00e9cnicas para a busca de emprego.<br \/>\nCoaching: Intelixencia emocional. Motivaci\u00f3n para o autoemprego.<br \/>\nComo emprender. Ideas de negocio e viabilidade<br \/>\nElaboraci\u00f3n de plan de negocio emprendedores.<br \/>\nElaboraci\u00f3n de CV e cartas e presentaci\u00f3ns profesionais eficaces<br \/>\nCreaci\u00f3n de videocurr\u00edculums e portfolios<br \/>\nHabilidades para afrontar con \u00e9xito entrevistas de traballo<br \/>\nClaves para falar en p\u00fablico<br \/>\nProcura de emprego a trav\u00e9s da rede<br \/>\nTraballando a resiliencia e a autoconfianza<br \/>\nObradoiros sobre mobilidade xeogr\u00e1fica<\/td>\n<\/tr>\n<\/tbody>\n<\/table>\n<\/div>\n\t\t<\/div><\/div><\/div><\/div><div id=\"pg-229-9\"  class=\"panel-grid panel-has-style\" ><div class=\"panel-row-style panel-row-style-for-229-9\" ><div id=\"pgc-229-9-0\"  class=\"panel-grid-cell\" ><div id=\"panel-229-9-0-0\" class=\"so-panel widget widget_themegrill_flash_heading tg-widget section-title-wrapper panel-first-child\" data-index=\"14\" >\t<h3 class=\"section-title\">NECESITAS TRABALLADORES\/AS PARA A T\u00daA EMPRESA?<\/h3>\n<\/div><div id=\"panel-229-9-0-1\" class=\"so-panel widget widget_text\" data-index=\"15\" >\t\t\t<div class=\"textwidget\"><p>Este programa invita a t\u00f3dalas empresas que desexen contratar persoal a po\u00f1erse en contacto coa CEC a trav\u00e9s de pie@cec.es<\/p>\n<\/div>\n\t\t<\/div><div id=\"panel-229-9-0-2\" class=\"so-panel widget widget_themegrill_flash_cta tg-widget call-to-action-section\" data-index=\"16\" ><div class=\"panel-widget-style panel-widget-style-for-229-9-0-2\" ><div class=\"cta-wrapper \">\n\t<div class=\"section-title-wrapper\">\n\t\t\t\t<h3 class=\"section-title\">EST\u00c1S SEN EMPREGO OU NECESITAS ORIENTACI\u00d3N?<\/h3>\n\t\t\t<\/div>\n\t\t<div class=\"btn-wrapper\">\n\t\t\t\t<a class=\"btn\" href=\"\/index.php\/contactar\/\">Axud\u00e1mosche!<\/a>\n\t\t\t\t\t<\/div>\n\t<\/div>\n<\/div><\/div><div id=\"panel-229-9-0-3\" class=\"so-panel widget widget_themegrill_flash_heading tg-widget section-title-wrapper\" data-index=\"17\" >\t<h3 class=\"section-title\">Programas Integrados de Emprego de Galicia<\/h3>\n<\/div><div id=\"panel-229-9-0-4\" class=\"so-panel widget widget_themegrill_flash_image tg-widget tg-image-widget panel-last-child\" data-index=\"18\" ><div class=\"panel-widget-style panel-widget-style-for-229-9-0-4\" >\t<a href=\"https:\/\/emprego.xunta.gal\/portal\/es\/11-demandantes\/demandantes-sp\/471-programas-integrados-de-empleo-nuevo.html\"><img decoding=\"async\" src=\"https:\/\/pie.cec.es\/wp-content\/uploads\/2019\/12\/logosPIEFooter.png\" \/><\/a>\n<\/div><\/div><\/div><\/div><\/div><\/div>","protected":false},"excerpt":{"rendered":"<p>O Programa Integrado de Emprego da CEC 2019-2020, \u00e9 un proxecto intregrado de emprego con intermediaci\u00f3n laboral, gratuito, da Confederaci\u00f3n [&hellip;]<\/p>\n","protected":false},"author":1,"featured_media":0,"parent":0,"menu_order":0,"comment_status":"closed","ping_status":"closed","template":"page-templates\/pagebuilder.php","meta":{"footnotes":""},"class_list":["post-229","page","type-page","status-publish","hentry"],"_links":{"self":[{"href":"https:\/\/pie.cec.es\/index.php\/wp-json\/wp\/v2\/pages\/229","targetHints":{"allow":["GET"]}}],"collection":[{"href":"https:\/\/pie.cec.es\/index.php\/wp-json\/wp\/v2\/pages"}],"about":[{"href":"https:\/\/pie.cec.es\/index.php\/wp-json\/wp\/v2\/types\/page"}],"author":[{"embeddable":true,"href":"https:\/\/pie.cec.es\/index.php\/wp-json\/wp\/v2\/users\/1"}],"replies":[{"embeddable":true,"href":"https:\/\/pie.cec.es\/index.php\/wp-json\/wp\/v2\/comments?post=229"}],"version-history":[{"count":145,"href":"https:\/\/pie.cec.es\/index.php\/wp-json\/wp\/v2\/pages\/229\/revisions"}],"predecessor-version":[{"id":1314,"href":"https:\/\/pie.cec.es\/index.php\/wp-json\/wp\/v2\/pages\/229\/revisions\/1314"}],"wp:attachment":[{"href":"https:\/\/pie.cec.es\/index.php\/wp-json\/wp\/v2\/media?parent=229"}],"curies":[{"name":"wp","href":"https:\/\/api.w.org\/{rel}","templated":true}]}}